{"id":82,"date":"2023-11-23T14:20:26","date_gmt":"2023-11-23T14:20:26","guid":{"rendered":"https:\/\/www.coyotesystems.lu\/blog\/?page_id=82"},"modified":"2024-03-20T15:49:44","modified_gmt":"2024-03-20T15:49:44","slug":"actualites-trafic-et-infos-sur-la-securite-routiere","status":"publish","type":"page","link":"https:\/\/www.coyotesystems.lu\/blog\/","title":{"rendered":"Actualit\u00e9s trafic et infos sur la s\u00e9curit\u00e9 routi\u00e8re"},"content":{"rendered":"<p>Actualit\u00e9s Coyote, s\u00e9curit\u00e9 routi\u00e8re, radars, automobile\u2026 Toute l\u2019actualit\u00e9 de la route dans Le Blog Coyote !<\/p>\n","protected":false},"excerpt":{"rendered":"<p>Actualit\u00e9s Coyote, s\u00e9curit\u00e9 routi\u00e8re, radars, automobile\u2026 Toute l\u2019actualit\u00e9 de la route dans Le Blog Coyote !<\/p>\n","protected":false},"author":118,"featured_media":1109,"parent":0,"menu_order":0,"comment_status":"closed","ping_status":"closed","template":"page-accueil.php","meta":{"_acf_changed":false,"footnotes":""},"class_list":["post-82","page","type-page","status-publish","has-post-thumbnail","hentry"],"acf":[],"yoast_head":"<!-- This site is optimized with the Yoast SEO plugin v25.9 - https:\/\/yoast.com\/wordpress\/plugins\/seo\/ -->\n<title>Actualit\u00e9s trafic et infos sur la s\u00e9curit\u00e9 routi\u00e8re - Le Blog Coyote<\/title>\n<meta name=\"description\" content=\"Actualit\u00e9s Coyote, s\u00e9curit\u00e9 routi\u00e8re, radars, automobile\u2026 Toute l\u2019actualit\u00e9 de la route dans Le Blog Coyote !\" \/>\n<meta name=\"robots\" content=\"index, follow, max-snippet:-1, max-image-preview:large, max-video-preview:-1\" \/>\n<link rel=\"canonical\" href=\"https:\/\/www.coyotesystems.lu\/blog\/\" \/>\n<meta property=\"og:locale\" content=\"fr_FR\" \/>\n<meta property=\"og:type\" content=\"article\" \/>\n<meta property=\"og:title\" content=\"Actualit\u00e9s trafic et infos sur la s\u00e9curit\u00e9 routi\u00e8re - Le Blog Coyote\" \/>\n<meta property=\"og:description\" content=\"Actualit\u00e9s Coyote, s\u00e9curit\u00e9 routi\u00e8re, radars, automobile\u2026 Toute l\u2019actualit\u00e9 de la route dans Le Blog Coyote !\" \/>\n<meta property=\"og:url\" content=\"https:\/\/www.coyotesystems.lu\/blog\/\" \/>\n<meta property=\"og:site_name\" content=\"Le Blog Coyote\" \/>\n<meta property=\"article:publisher\" content=\"http:\/\/www.facebook.com\/CoyoteSystemsBenelux\" \/>\n<meta property=\"article:modified_time\" content=\"2024-03-20T15:49:44+00:00\" \/>\n<meta property=\"og:image\" content=\"https:\/\/medias.coyotesystems.com\/wordpress\/sites\/12\/2024\/03\/spring_coyote_blog-min.png\" \/>\n\t<meta property=\"og:image:width\" content=\"1762\" \/>\n\t<meta property=\"og:image:height\" content=\"773\" \/>\n\t<meta property=\"og:image:type\" content=\"image\/png\" \/>\n<meta name=\"twitter:card\" content=\"summary_large_image\" \/>\n<meta name=\"twitter:label1\" content=\"Est. reading time\" \/>\n\t<meta name=\"twitter:data1\" content=\"1 minute\" \/>\n<script type=\"application\/ld+json\" class=\"yoast-schema-graph\">{\"@context\":\"https:\/\/schema.org\",\"@graph\":[{\"@type\":\"WebPage\",\"@id\":\"https:\/\/www.coyotesystems.lu\/blog\/\",\"url\":\"https:\/\/www.coyotesystems.lu\/blog\/\",\"name\":\"Actualit\u00e9s trafic et infos sur la s\u00e9curit\u00e9 routi\u00e8re - Le Blog Coyote\",\"isPartOf\":{\"@id\":\"https:\/\/www.coyotesystems.lu\/blog\/#website\"},\"primaryImageOfPage\":{\"@id\":\"https:\/\/www.coyotesystems.lu\/blog\/#primaryimage\"},\"image\":{\"@id\":\"https:\/\/www.coyotesystems.lu\/blog\/#primaryimage\"},\"thumbnailUrl\":\"https:\/\/medias.coyotesystems.com\/wordpress\/sites\/12\/2024\/03\/spring_coyote_blog-min.png\",\"datePublished\":\"2023-11-23T14:20:26+00:00\",\"dateModified\":\"2024-03-20T15:49:44+00:00\",\"description\":\"Actualit\u00e9s Coyote, s\u00e9curit\u00e9 routi\u00e8re, radars, automobile\u2026 Toute l\u2019actualit\u00e9 de la route dans Le Blog Coyote !\",\"breadcrumb\":{\"@id\":\"https:\/\/www.coyotesystems.lu\/blog\/#breadcrumb\"},\"inLanguage\":\"fr-FR\",\"potentialAction\":[{\"@type\":\"ReadAction\",\"target\":[\"https:\/\/www.coyotesystems.lu\/blog\/\"]}]},{\"@type\":\"ImageObject\",\"inLanguage\":\"fr-FR\",\"@id\":\"https:\/\/www.coyotesystems.lu\/blog\/#primaryimage\",\"url\":\"https:\/\/medias.coyotesystems.com\/wordpress\/sites\/12\/2024\/03\/spring_coyote_blog-min.png\",\"contentUrl\":\"https:\/\/medias.coyotesystems.com\/wordpress\/sites\/12\/2024\/03\/spring_coyote_blog-min.png\",\"width\":1762,\"height\":773},{\"@type\":\"BreadcrumbList\",\"@id\":\"https:\/\/www.coyotesystems.lu\/blog\/#breadcrumb\",\"itemListElement\":[{\"@type\":\"ListItem\",\"position\":1,\"name\":\"Accueil\",\"item\":\"https:\/\/www.coyotesystems.lu\/blog\/\"},{\"@type\":\"ListItem\",\"position\":2,\"name\":\"Actualit\u00e9s trafic et infos sur la s\u00e9curit\u00e9 routi\u00e8re\"}]},{\"@type\":\"WebSite\",\"@id\":\"https:\/\/www.coyotesystems.lu\/blog\/#website\",\"url\":\"https:\/\/www.coyotesystems.lu\/blog\/\",\"name\":\"Le Blog Coyote\",\"description\":\"\",\"publisher\":{\"@id\":\"https:\/\/www.coyotesystems.lu\/blog\/#organization\"},\"potentialAction\":[{\"@type\":\"SearchAction\",\"target\":{\"@type\":\"EntryPoint\",\"urlTemplate\":\"https:\/\/www.coyotesystems.lu\/blog\/?s={search_term_string}\"},\"query-input\":{\"@type\":\"PropertyValueSpecification\",\"valueRequired\":true,\"valueName\":\"search_term_string\"}}],\"inLanguage\":\"fr-FR\"},{\"@type\":\"Organization\",\"@id\":\"https:\/\/www.coyotesystems.lu\/blog\/#organization\",\"name\":\"Coyote\",\"url\":\"https:\/\/www.coyotesystems.lu\/blog\/\",\"logo\":{\"@type\":\"ImageObject\",\"inLanguage\":\"fr-FR\",\"@id\":\"https:\/\/www.coyotesystems.lu\/blog\/#\/schema\/logo\/image\/\",\"url\":\"https:\/\/medias.coyotesystems.com\/wordpress\/sites\/12\/2024\/02\/Logo-Coyote-1.png\",\"contentUrl\":\"https:\/\/medias.coyotesystems.com\/wordpress\/sites\/12\/2024\/02\/Logo-Coyote-1.png\",\"width\":842,\"height\":263,\"caption\":\"Coyote\"},\"image\":{\"@id\":\"https:\/\/www.coyotesystems.lu\/blog\/#\/schema\/logo\/image\/\"},\"sameAs\":[\"http:\/\/www.facebook.com\/CoyoteSystemsBenelux\",\"https:\/\/www.instagram.com\/coyote_systems_benelux\/\",\"https:\/\/www.linkedin.com\/company\/coyotesystem\/\"]}]}<\/script>\n<!-- \/ Yoast SEO plugin. -->","yoast_head_json":{"title":"Actualit\u00e9s trafic et infos sur la s\u00e9curit\u00e9 routi\u00e8re - Le Blog Coyote","description":"Actualit\u00e9s Coyote, s\u00e9curit\u00e9 routi\u00e8re, radars, automobile\u2026 Toute l\u2019actualit\u00e9 de la route dans Le Blog Coyote !","robots":{"index":"index","follow":"follow","max-snippet":"max-snippet:-1","max-image-preview":"max-image-preview:large","max-video-preview":"max-video-preview:-1"},"canonical":"https:\/\/www.coyotesystems.lu\/blog\/","og_locale":"fr_FR","og_type":"article","og_title":"Actualit\u00e9s trafic et infos sur la s\u00e9curit\u00e9 routi\u00e8re - Le Blog Coyote","og_description":"Actualit\u00e9s Coyote, s\u00e9curit\u00e9 routi\u00e8re, radars, automobile\u2026 Toute l\u2019actualit\u00e9 de la route dans Le Blog Coyote !","og_url":"https:\/\/www.coyotesystems.lu\/blog\/","og_site_name":"Le Blog Coyote","article_publisher":"http:\/\/www.facebook.com\/CoyoteSystemsBenelux","article_modified_time":"2024-03-20T15:49:44+00:00","og_image":[{"width":1762,"height":773,"url":"https:\/\/medias.coyotesystems.com\/wordpress\/sites\/12\/2024\/03\/spring_coyote_blog-min.png","type":"image\/png"}],"twitter_card":"summary_large_image","twitter_misc":{"Est. reading time":"1 minute"},"schema":{"@context":"https:\/\/schema.org","@graph":[{"@type":"WebPage","@id":"https:\/\/www.coyotesystems.lu\/blog\/","url":"https:\/\/www.coyotesystems.lu\/blog\/","name":"Actualit\u00e9s trafic et infos sur la s\u00e9curit\u00e9 routi\u00e8re - Le Blog Coyote","isPartOf":{"@id":"https:\/\/www.coyotesystems.lu\/blog\/#website"},"primaryImageOfPage":{"@id":"https:\/\/www.coyotesystems.lu\/blog\/#primaryimage"},"image":{"@id":"https:\/\/www.coyotesystems.lu\/blog\/#primaryimage"},"thumbnailUrl":"https:\/\/medias.coyotesystems.com\/wordpress\/sites\/12\/2024\/03\/spring_coyote_blog-min.png","datePublished":"2023-11-23T14:20:26+00:00","dateModified":"2024-03-20T15:49:44+00:00","description":"Actualit\u00e9s Coyote, s\u00e9curit\u00e9 routi\u00e8re, radars, automobile\u2026 Toute l\u2019actualit\u00e9 de la route dans Le Blog Coyote !","breadcrumb":{"@id":"https:\/\/www.coyotesystems.lu\/blog\/#breadcrumb"},"inLanguage":"fr-FR","potentialAction":[{"@type":"ReadAction","target":["https:\/\/www.coyotesystems.lu\/blog\/"]}]},{"@type":"ImageObject","inLanguage":"fr-FR","@id":"https:\/\/www.coyotesystems.lu\/blog\/#primaryimage","url":"https:\/\/medias.coyotesystems.com\/wordpress\/sites\/12\/2024\/03\/spring_coyote_blog-min.png","contentUrl":"https:\/\/medias.coyotesystems.com\/wordpress\/sites\/12\/2024\/03\/spring_coyote_blog-min.png","width":1762,"height":773},{"@type":"BreadcrumbList","@id":"https:\/\/www.coyotesystems.lu\/blog\/#breadcrumb","itemListElement":[{"@type":"ListItem","position":1,"name":"Accueil","item":"https:\/\/www.coyotesystems.lu\/blog\/"},{"@type":"ListItem","position":2,"name":"Actualit\u00e9s trafic et infos sur la s\u00e9curit\u00e9 routi\u00e8re"}]},{"@type":"WebSite","@id":"https:\/\/www.coyotesystems.lu\/blog\/#website","url":"https:\/\/www.coyotesystems.lu\/blog\/","name":"Le Blog Coyote","description":"","publisher":{"@id":"https:\/\/www.coyotesystems.lu\/blog\/#organization"},"potentialAction":[{"@type":"SearchAction","target":{"@type":"EntryPoint","urlTemplate":"https:\/\/www.coyotesystems.lu\/blog\/?s={search_term_string}"},"query-input":{"@type":"PropertyValueSpecification","valueRequired":true,"valueName":"search_term_string"}}],"inLanguage":"fr-FR"},{"@type":"Organization","@id":"https:\/\/www.coyotesystems.lu\/blog\/#organization","name":"Coyote","url":"https:\/\/www.coyotesystems.lu\/blog\/","logo":{"@type":"ImageObject","inLanguage":"fr-FR","@id":"https:\/\/www.coyotesystems.lu\/blog\/#\/schema\/logo\/image\/","url":"https:\/\/medias.coyotesystems.com\/wordpress\/sites\/12\/2024\/02\/Logo-Coyote-1.png","contentUrl":"https:\/\/medias.coyotesystems.com\/wordpress\/sites\/12\/2024\/02\/Logo-Coyote-1.png","width":842,"height":263,"caption":"Coyote"},"image":{"@id":"https:\/\/www.coyotesystems.lu\/blog\/#\/schema\/logo\/image\/"},"sameAs":["http:\/\/www.facebook.com\/CoyoteSystemsBenelux","https:\/\/www.instagram.com\/coyote_systems_benelux\/","https:\/\/www.linkedin.com\/company\/coyotesystem\/"]}]}},"_links":{"self":[{"href":"https:\/\/www.coyotesystems.lu\/blog\/wp-json\/wp\/v2\/pages\/82","targetHints":{"allow":["GET"]}}],"collection":[{"href":"https:\/\/www.coyotesystems.lu\/blog\/wp-json\/wp\/v2\/pages"}],"about":[{"href":"https:\/\/www.coyotesystems.lu\/blog\/wp-json\/wp\/v2\/types\/page"}],"author":[{"embeddable":true,"href":"https:\/\/www.coyotesystems.lu\/blog\/wp-json\/wp\/v2\/users\/118"}],"replies":[{"embeddable":true,"href":"https:\/\/www.coyotesystems.lu\/blog\/wp-json\/wp\/v2\/comments?post=82"}],"version-history":[{"count":2,"href":"https:\/\/www.coyotesystems.lu\/blog\/wp-json\/wp\/v2\/pages\/82\/revisions"}],"predecessor-version":[{"id":918,"href":"https:\/\/www.coyotesystems.lu\/blog\/wp-json\/wp\/v2\/pages\/82\/revisions\/918"}],"wp:featuredmedia":[{"embeddable":true,"href":"https:\/\/www.coyotesystems.lu\/blog\/wp-json\/wp\/v2\/media\/1109"}],"wp:attachment":[{"href":"https:\/\/www.coyotesystems.lu\/blog\/wp-json\/wp\/v2\/media?parent=82"}],"curies":[{"name":"wp","href":"https:\/\/api.w.org\/{rel}","templated":true}]}}